{"id":3145,"date":"2023-12-11T13:54:32","date_gmt":"2023-12-11T11:54:32","guid":{"rendered":"https:\/\/ninaosenarkontrec.com\/trgovina\/?post_type=product&#038;p=3145"},"modified":"2026-04-03T23:37:29","modified_gmt":"2026-04-03T21:37:29","slug":"boost-atp","status":"publish","type":"product","link":"https:\/\/ninaosenarkontrec.com\/trgovina\/izdelek\/boost-atp\/","title":{"rendered":"BOOST ATP prehransko dopolnilo"},"content":{"rendered":"","protected":false},"excerpt":{"rendered":"<p class=\"p1\">\u00a0Za vse, ki bi si radi povrnili \u017eivost, je priporo\u010den dnevni odmerek dve kapsuli. Za vse, ki \u017eelite ohranjati nivo energije je priporo\u010dena ena kapsula dnevno.<\/p>\n","protected":false},"featured_media":5372,"comment_status":"open","ping_status":"closed","template":"","meta":[],"product_brand":[],"product_cat":[27],"product_tag":[],"class_list":{"0":"post-3145","1":"product","2":"type-product","3":"status-publish","4":"has-post-thumbnail","6":"product_cat-prehranska-dopolnila","8":"first","9":"instock","10":"taxable","11":"shipping-taxable","12":"purchasable","13":"product-type-simple"},"acf":[],"_links":{"self":[{"href":"https:\/\/ninaosenarkontrec.com\/trgovina\/wp-json\/wp\/v2\/product\/3145","targetHints":{"allow":["GET"]}}],"collection":[{"href":"https:\/\/ninaosenarkontrec.com\/trgovina\/wp-json\/wp\/v2\/product"}],"about":[{"href":"https:\/\/ninaosenarkontrec.com\/trgovina\/wp-json\/wp\/v2\/types\/product"}],"replies":[{"embeddable":true,"href":"https:\/\/ninaosenarkontrec.com\/trgovina\/wp-json\/wp\/v2\/comments?post=3145"}],"wp:featuredmedia":[{"embeddable":true,"href":"https:\/\/ninaosenarkontrec.com\/trgovina\/wp-json\/wp\/v2\/media\/5372"}],"wp:attachment":[{"href":"https:\/\/ninaosenarkontrec.com\/trgovina\/wp-json\/wp\/v2\/media?parent=3145"}],"wp:term":[{"taxonomy":"product_brand","embeddable":true,"href":"https:\/\/ninaosenarkontrec.com\/trgovina\/wp-json\/wp\/v2\/product_brand?post=3145"},{"taxonomy":"product_cat","embeddable":true,"href":"https:\/\/ninaosenarkontrec.com\/trgovina\/wp-json\/wp\/v2\/product_cat?post=3145"},{"taxonomy":"product_tag","embeddable":true,"href":"https:\/\/ninaosenarkontrec.com\/trgovina\/wp-json\/wp\/v2\/product_tag?post=3145"}],"curies":[{"name":"wp","href":"https:\/\/api.w.org\/{rel}","templated":true}]}}