{"id":488,"date":"2023-06-23T10:02:40","date_gmt":"2023-06-23T10:02:40","guid":{"rendered":"https:\/\/ninaosenar.local\/cart\/"},"modified":"2025-10-06T13:27:04","modified_gmt":"2025-10-06T11:27:04","slug":"kosarica","status":"publish","type":"page","link":"https:\/\/ninaosenarkontrec.com\/trgovina\/kosarica\/","title":{"rendered":"Ko\u0161arica"},"content":{"rendered":"\t\t<div data-elementor-type=\"wp-page\" data-elementor-id=\"488\" class=\"elementor elementor-488\" data-elementor-post-type=\"page\">\n\t\t\t\t<div class=\"elementor-element elementor-element-e5a774c e-flex e-con-boxed e-con e-parent\" data-id=\"e5a774c\" data-element_type=\"container\">\n\t\t\t\t\t<div class=\"e-con-inner\">\n\t\t\t\t<div class=\"elementor-element elementor-element-b6ab96b elementor-widget elementor-widget-text-editor\" data-id=\"b6ab96b\" data-element_type=\"widget\" data-widget_type=\"text-editor.default\">\n\t\t\t\t<div class=\"elementor-widget-container\">\n\t\t\t\t\t\t\t\t\t<p>Opomba: izdelkov ne po\u0161iljamo v tujino.<\/p>\t\t\t\t\t\t\t\t<\/div>\n\t\t\t\t<\/div>\n\t\t\t\t\t<\/div>\n\t\t\t\t<\/div>\n\t\t\t\t<\/div>\n\t\t","protected":false},"excerpt":{"rendered":"<p>Opomba: izdelkov ne po\u0161iljamo v tujino. Odstrani predmet Predogledna sli\u010dica Izdelek Cena Koli\u010dina Delni znesek &times; BOOST PROTEIN &amp; ENERGY 44,90&nbsp;&euro; BOOST PROTEIN &amp; ENERGY koli\u010dina 44,90&nbsp;&euro; Podatki o nakupu Delni znesek 44,90&nbsp;&euro; Dostava Po\u0161tnina: 3,50&nbsp;&euro; Dostava na \u0160tihova ulica 13, 1000 Ljubljana. Spremeni naslov Dr\u017eava \/ regija Izberi dr\u017eavo \/ regijo&hellip;Slovenija Mesto: Po\u0161tna \u0161tevilka: [&hellip;]<\/p>\n","protected":false},"author":1,"featured_media":0,"parent":0,"menu_order":0,"comment_status":"closed","ping_status":"closed","template":"","meta":{"footnotes":""},"class_list":["post-488","page","type-page","status-publish","hentry"],"acf":[],"_links":{"self":[{"href":"https:\/\/ninaosenarkontrec.com\/trgovina\/wp-json\/wp\/v2\/pages\/488","targetHints":{"allow":["GET"]}}],"collection":[{"href":"https:\/\/ninaosenarkontrec.com\/trgovina\/wp-json\/wp\/v2\/pages"}],"about":[{"href":"https:\/\/ninaosenarkontrec.com\/trgovina\/wp-json\/wp\/v2\/types\/page"}],"author":[{"embeddable":true,"href":"https:\/\/ninaosenarkontrec.com\/trgovina\/wp-json\/wp\/v2\/users\/1"}],"replies":[{"embeddable":true,"href":"https:\/\/ninaosenarkontrec.com\/trgovina\/wp-json\/wp\/v2\/comments?post=488"}],"version-history":[{"count":37,"href":"https:\/\/ninaosenarkontrec.com\/trgovina\/wp-json\/wp\/v2\/pages\/488\/revisions"}],"predecessor-version":[{"id":5260,"href":"https:\/\/ninaosenarkontrec.com\/trgovina\/wp-json\/wp\/v2\/pages\/488\/revisions\/5260"}],"wp:attachment":[{"href":"https:\/\/ninaosenarkontrec.com\/trgovina\/wp-json\/wp\/v2\/media?parent=488"}],"curies":[{"name":"wp","href":"https:\/\/api.w.org\/{rel}","templated":true}]}}