{"id":4114,"date":"2024-02-07T09:35:37","date_gmt":"2024-02-07T07:35:37","guid":{"rendered":"https:\/\/ninaosenarkontrec.com\/trgovina\/?page_id=4114"},"modified":"2024-02-29T10:28:11","modified_gmt":"2024-02-29T08:28:11","slug":"podjetje-in-kontaktni-podatki","status":"publish","type":"page","link":"https:\/\/ninaosenarkontrec.com\/trgovina\/podjetje-in-kontaktni-podatki\/","title":{"rendered":"Podjetje in kontaktni podatki"},"content":{"rendered":"\n<h4 class=\"wp-block-heading\">Podjetje in kontaktni podatki<\/h4>\n\n\n\n<h5 class=\"wp-block-heading\">Podjetje<\/h5>\n\n\n\n<p>LIU-TAI 14, storitve in prodaja, d.o.o.<br>Tisnikarjeva ulica 44<br>1000 Ljubljana<br>Mati\u010dna \u0161tevilka: 2091518000<br>Dav\u010dna \u0161tevilka: SI 48322857<\/p>\n\n\n\n<p><strong>Podatki o ban\u010dnem ra\u010dunu<br><\/strong>IBAN SI56 2900 0005 0370 793 (UNICREDIT BANKA SLOVENIJA d.d.)<\/p>\n\n\n\n<h5 class=\"wp-block-heading\">Kontakt<\/h5>\n\n\n\n<p>Odgovorna oseba:&nbsp;<strong>Nina Osenar Kontrec<\/strong><\/p>\n","protected":false},"excerpt":{"rendered":"<p>Podjetje in kontaktni podatki Podjetje LIU-TAI 14, storitve in prodaja, d.o.o.Tisnikarjeva ulica 441000 LjubljanaMati\u010dna \u0161tevilka: 2091518000Dav\u010dna \u0161tevilka: SI 48322857 Podatki o ban\u010dnem ra\u010dunuIBAN SI56 2900 0005 0370 793 (UNICREDIT BANKA SLOVENIJA d.d.) Kontakt Odgovorna oseba:&nbsp;Nina Osenar Kontrec<\/p>\n","protected":false},"author":1,"featured_media":0,"parent":0,"menu_order":0,"comment_status":"closed","ping_status":"closed","template":"","meta":{"footnotes":""},"class_list":["post-4114","page","type-page","status-publish","hentry"],"acf":[],"_links":{"self":[{"href":"https:\/\/ninaosenarkontrec.com\/trgovina\/wp-json\/wp\/v2\/pages\/4114","targetHints":{"allow":["GET"]}}],"collection":[{"href":"https:\/\/ninaosenarkontrec.com\/trgovina\/wp-json\/wp\/v2\/pages"}],"about":[{"href":"https:\/\/ninaosenarkontrec.com\/trgovina\/wp-json\/wp\/v2\/types\/page"}],"author":[{"embeddable":true,"href":"https:\/\/ninaosenarkontrec.com\/trgovina\/wp-json\/wp\/v2\/users\/1"}],"replies":[{"embeddable":true,"href":"https:\/\/ninaosenarkontrec.com\/trgovina\/wp-json\/wp\/v2\/comments?post=4114"}],"version-history":[{"count":3,"href":"https:\/\/ninaosenarkontrec.com\/trgovina\/wp-json\/wp\/v2\/pages\/4114\/revisions"}],"predecessor-version":[{"id":4197,"href":"https:\/\/ninaosenarkontrec.com\/trgovina\/wp-json\/wp\/v2\/pages\/4114\/revisions\/4197"}],"wp:attachment":[{"href":"https:\/\/ninaosenarkontrec.com\/trgovina\/wp-json\/wp\/v2\/media?parent=4114"}],"curies":[{"name":"wp","href":"https:\/\/api.w.org\/{rel}","templated":true}]}}